{"id":34,"date":"2021-12-05T23:19:07","date_gmt":"2021-12-05T22:19:07","guid":{"rendered":"https:\/\/proelbup.pl\/?page_id=34"},"modified":"2024-10-19T14:03:38","modified_gmt":"2024-10-19T12:03:38","slug":"colibri-wp","status":"publish","type":"page","link":"https:\/\/proelbup.pl\/","title":{"rendered":"Strona G\u0142\u00f3wna"},"content":{"rendered":"<div data-colibri-id=\"34-c1\" class=\"style-190 style-local-34-c1 position-relative\">\n  <!---->\n  <div data-colibri-component=\"section\" data-colibri-id=\"34-c2\" id=\"overlappable\" class=\"h-section h-section-global-spacing d-flex align-items-lg-center align-items-md-center align-items-center style-338 style-local-34-c2 position-relative\">\n    <!---->\n    <!---->\n    <div class=\"h-section-grid-container h-section-boxed-container\">\n      <!---->\n      <div data-colibri-id=\"34-c3\" class=\"h-row-container gutters-row-lg-2 gutters-row-md-0 gutters-row-2 gutters-row-v-lg-2 gutters-row-v-md-0 gutters-row-v-2 style-339 style-local-34-c3 position-relative\">\n        <!---->\n        <div class=\"h-row justify-content-lg-center justify-content-md-center justify-content-center align-items-lg-stretch align-items-md-stretch align-items-stretch gutters-col-lg-2 gutters-col-md-0 gutters-col-2 gutters-col-v-lg-2 gutters-col-v-md-0 gutters-col-v-2\">\n          <!---->\n          <div class=\"h-column h-column-container d-flex h-col-lg-4 h-col-md-4 h-col-12 style-340-outer style-local-34-c4-outer\">\n            <div data-colibri-id=\"34-c4\" class=\"d-flex h-flex-basis h-column__inner h-px-lg-2 h-px-md-3 h-px-2 v-inner-lg-0 v-inner-md-3 v-inner-2 style-340 style-local-34-c4 position-relative\">\n              <!---->\n              <!---->\n              <div class=\"w-100 h-y-container h-column__content h-column__v-align flex-basis-100 align-self-lg-start align-self-md-start align-self-start\">\n                <!---->\n                <div data-colibri-id=\"34-c5\" class=\"h-icon style-341 style-local-34-c5 position-relative h-element\">\n                  <!----><span class=\"h-svg-icon h-icon__icon style-341-icon style-local-34-c5-icon\"><!--Icon by Font Awesome (https:\/\/fontawesome.com)--><svg version=\"1.1\" xmlns=\"http:\/\/www.w3.org\/2000\/svg\" xmlns:xlink=\"http:\/\/www.w3.org\/1999\/xlink\" id=\"thumbs-up\" viewBox=\"0 0 1664 1896.0833\"><path d=\"M256 1344q0-26-19-45t-45-19q-27 0-45.5 19t-18.5 45q0 27 18.5 45.5T192 1408q26 0 45-18.5t19-45.5zm160-512v640q0 26-19 45t-45 19H64q-26 0-45-19t-19-45V832q0-26 19-45t45-19h288q26 0 45 19t19 45zm1184 0q0 86-55 149 15 44 15 76 3 76-43 137 17 56 0 117-15 57-54 94 9 112-49 181-64 76-197 78h-129q-66 0-144-15.5t-121.5-29T702 1580q-123-43-158-44-26-1-45-19.5t-19-44.5V831q0-25 18-43.5t43-20.5q24-2 76-59t101-121q68-87 101-120 18-18 31-48t17.5-48.5T881 310q7-39 12.5-61t19.5-52 34-50q19-19 45-19 46 0 82.5 10.5t60 26 40 40.5 24 45 12 50 5 45 .5 39q0 38-9.5 76t-19 60-27.5 56q-3 6-10 18t-11 22-8 24h277q78 0 135 57t57 135z\"><\/path><\/svg><\/span><\/div>\n                <div\n                  data-colibri-id=\"34-c6\" class=\"h-global-transition-all h-heading style-342 style-local-34-c6 position-relative h-element\">\n                  <!---->\n                  <div class=\"h-heading__outer style-342 style-local-34-c6\">\n                    <!---->\n                    <!---->\n                    <h5 class=\"\">Profesjonalizm<\/h5>\n                  <\/div>\n              <\/div>\n              <div data-colibri-id=\"34-c7\" class=\"h-text h-text-component style-343 style-local-34-c7 position-relative h-element\">\n                <!---->\n                <!---->\n                <div class=\"\">\n                  <p>Projektujemy z powodzeniem od 1993 r. Firma PROEL, opracowuje projekty wszelkich inwestycji wielobran\u017cowych w przemy\u015ble,us\u0142ugach, budownictwie mieszkaniowym wielorodzinnym i jednorodzinnym, oferuj\u0105c wykonanie projekt\u00f3w od architektury\n                    poprzez wszelkie wymagane opracowania bran\u017cowe do projekt\u00f3w ma\u0142ej architektury i zieleni otaczaj\u0105cej przysz\u0142y obiekt<\/p>\n                <\/div>\n              <\/div>\n            <\/div>\n          <\/div>\n        <\/div>\n        <div class=\"h-column h-column-container d-flex h-col-lg-4 h-col-md-4 h-col-12 style-340-outer style-local-34-c8-outer\">\n          <div data-colibri-id=\"34-c8\" class=\"d-flex h-flex-basis h-column__inner h-px-lg-2 h-px-md-3 h-px-2 v-inner-lg-0 v-inner-md-3 v-inner-2 style-340 style-local-34-c8 position-relative\">\n            <!---->\n            <!---->\n            <div class=\"w-100 h-y-container h-column__content h-column__v-align flex-basis-100 align-self-lg-start align-self-md-start align-self-start\">\n              <!---->\n              <div data-colibri-id=\"34-c9\" class=\"h-icon style-341 style-local-34-c9 position-relative h-element\">\n                <!----><span class=\"h-svg-icon h-icon__icon style-341-icon style-local-34-c9-icon\"><!--Icon by Font Awesome (https:\/\/fontawesome.com)--><svg version=\"1.1\" xmlns=\"http:\/\/www.w3.org\/2000\/svg\" xmlns:xlink=\"http:\/\/www.w3.org\/1999\/xlink\" id=\"sort-alpha-asc\" viewBox=\"0 0 1664 1896.0833\"><path d=\"M1191 408h177l-72-218-12-47q-2-16-2-20h-4l-3 20q0 1-3.5 18t-7.5 29zM736 1440q0 12-10 24l-319 319q-10 9-23 9-12 0-23-9L41 1463q-15-16-7-35 8-20 30-20h192V32q0-14 9-23t23-9h192q14 0 23 9t9 23v1376h192q14 0 23 9t9 23zm836 119v233H988v-90l369-529q12-18 21-27l11-9v-3q-2 0-6.5.5t-7.5.5q-12 3-30 3h-232v115H993v-229h567v89l-369 530q-6 8-21 26l-11 11v2l14-2q9-2 30-2h248v-119h121zm89-897v106h-288V662h75l-47-144h-243l-47 144h75v106H899V662h70L1199 0h162l230 662h70z\"><\/path><\/svg><\/span><\/div>\n              <div\n                data-colibri-id=\"34-c10\" class=\"h-global-transition-all h-heading style-342 style-local-34-c10 position-relative h-element\">\n                <!---->\n                <div class=\"h-heading__outer style-342 style-local-34-c10\">\n                  <!---->\n                  <!---->\n                  <h5 class=\"\">Kompleksowa us\u0142uga<\/h5>\n                <\/div>\n            <\/div>\n            <div data-colibri-id=\"34-c11\" class=\"h-text h-text-component style-343 style-local-34-c11 position-relative h-element\">\n              <!---->\n              <!---->\n              <div class=\"\">\n                <p>Zajmujemy si\u0119 wszystkimi etapami projektowania &#8211; pocz\u0105wszy od ubrania pomys\u0142u inwestora w koncepcje wizualn\u0105 do projektu pe\u0142nobran\u017cowego na kt\u00f3ry uzyskujemy pozwolenie na budow\u0119 w urz\u0119dach.<\/p>\n              <\/div>\n            <\/div>\n          <\/div>\n        <\/div>\n      <\/div>\n      <div class=\"h-column h-column-container d-flex h-col-lg-4 h-col-md-4 h-col-12 style-340-outer style-local-34-c12-outer\">\n        <div data-colibri-id=\"34-c12\" class=\"d-flex h-flex-basis h-column__inner h-px-lg-2 h-px-md-3 h-px-2 v-inner-lg-0 v-inner-md-3 v-inner-2 style-340 style-local-34-c12 position-relative\">\n          <!---->\n          <!---->\n          <div class=\"w-100 h-y-container h-column__content h-column__v-align flex-basis-100 align-self-lg-start align-self-md-start align-self-start\">\n            <!---->\n            <div data-colibri-id=\"34-c13\" class=\"h-icon style-341 style-local-34-c13 position-relative h-element\">\n              <!----><span class=\"h-svg-icon h-icon__icon style-341-icon style-local-34-c13-icon\"><!--Icon by Font Awesome (https:\/\/fontawesome.com)--><svg version=\"1.1\" xmlns=\"http:\/\/www.w3.org\/2000\/svg\" xmlns:xlink=\"http:\/\/www.w3.org\/1999\/xlink\" id=\"line-chart\" viewBox=\"0 0 2048 1896.0833\"><path d=\"M2048 1536v128H0V128h128v1408h1920zM1920 288v435q0 21-19.5 29.5T1865 745l-121-121-633 633q-10 10-23 10t-23-10l-233-233-416 416-192-192 585-585q10-10 23-10t23 10l233 233 464-464-121-121q-16-16-7.5-35.5T1453 256h435q14 0 23 9t9 23z\"><\/path><\/svg><\/span><\/div>\n            <div\n              data-colibri-id=\"34-c14\" class=\"h-global-transition-all h-heading style-342 style-local-34-c14 position-relative h-element\">\n              <!---->\n              <div class=\"h-heading__outer style-342 style-local-34-c14\">\n                <!---->\n                <!---->\n                <h5 class=\"\">Skuteczno\u015b\u0107<\/h5>\n              <\/div>\n          <\/div>\n          <div data-colibri-id=\"34-c15\" class=\"h-text h-text-component style-343 style-local-34-c15 position-relative h-element\">\n            <!---->\n            <!---->\n            <div class=\"\">\n              <p>W ca\u0142ej swojej karierze zawodowej pracownia autorska architekt El\u017cbiety Nowak-Krzywa\u0144skiej mo\u017ce si\u0119 poszczyci\u0107 100% skuteczno\u015bci\u0105 dzia\u0142a\u0144 na rzecz swoich klient\u00f3w.<\/p>\n            <\/div>\n          <\/div>\n        <\/div>\n      <\/div>\n    <\/div>\n  <\/div>\n<\/div>\n<\/div>\n<\/div>\n<div data-colibri-component=\"section\" data-colibri-id=\"34-c16\" id=\"contact\" class=\"h-section h-section-global-spacing d-flex align-items-lg-center align-items-md-center align-items-center style-323 style-local-34-c16 position-relative\">\n  <div class=\"background-wrapper\">\n    <div class=\"background-layer background-layer-media-container-lg\">\n      <!---->\n      <div class=\"overlay-layer\">\n        <div class=\"overlay-image-layer\" style=\"background-color: rgb(32, 42, 84); opacity: 0.5;\"><\/div>\n      <\/div>\n    <\/div>\n    <div class=\"background-layer background-layer-media-container-md\">\n      <!---->\n      <div class=\"overlay-layer\">\n        <div class=\"overlay-image-layer\" style=\"background-color: rgb(32, 42, 84); opacity: 0.5;\"><\/div>\n      <\/div>\n    <\/div>\n    <div class=\"background-layer background-layer-media-container\">\n      <!---->\n      <div class=\"overlay-layer\">\n        <div class=\"overlay-image-layer\" style=\"background-color: rgb(32, 42, 84); opacity: 0.5;\"><\/div>\n      <\/div>\n    <\/div>\n  <\/div>\n  <div class=\"h-separator\" style=\"height: 100px; top: calc(0px);\">\n    <svg style=\"fill:#303e7a;\" xmlns=\"http:\/\/www.w3.org\/2000\/svg\" viewBox=\"0 0 1000 100\" preserveAspectRatio=\"none\">\n      <path class=\"svg-white-bg\" d=\"M-0 0L1000 0 1000 100z\"><\/path>\n    <\/svg>\n  <\/div>\n  <div class=\"h-separator\" style=\"height: 100px; bottom: calc(0px);\">\n    <svg style=\"fill:#303e7a;transform:rotateX(180deg);\" xmlns=\"http:\/\/www.w3.org\/2000\/svg\" viewBox=\"0 0 1000 100\" preserveAspectRatio=\"none\">\n      <path class=\"svg-white-bg\" d=\"M-0 0L1000 0 1000 100z\"><\/path>\n    <\/svg>\n  <\/div>\n  <div class=\"h-section-grid-container h-section-boxed-container\">\n    <!---->\n    <div data-colibri-id=\"34-c17\" class=\"h-row-container gutters-row-lg-2 gutters-row-md-2 gutters-row-2 gutters-row-v-lg-2 gutters-row-v-md-2 gutters-row-v-2 style-324 style-local-34-c17 position-relative\">\n      <!---->\n      <div class=\"h-row justify-content-lg-center justify-content-md-center justify-content-center align-items-lg-stretch align-items-md-stretch align-items-stretch gutters-col-lg-2 gutters-col-md-2 gutters-col-2 gutters-col-v-lg-2 gutters-col-v-md-2 gutters-col-v-2\">\n        <!---->\n        <div class=\"h-column h-column-container d-flex h-col-lg-auto h-col-md-auto h-col-auto style-325-outer style-local-34-c18-outer\">\n          <div data-colibri-id=\"34-c18\" class=\"d-flex h-flex-basis h-column__inner h-px-lg-0 h-px-md-0 h-px-0 v-inner-lg-0 v-inner-md-0 v-inner-0 style-325 style-local-34-c18 position-relative\">\n            <!---->\n            <!---->\n            <div class=\"w-100 h-y-container h-column__content h-column__v-align flex-basis-100 align-self-lg-start align-self-md-start align-self-start\">\n              <!---->\n              <div data-colibri-id=\"34-c19\" class=\"h-row-container gutters-row-lg-0 gutters-row-md-0 gutters-row-0 gutters-row-v-lg-0 gutters-row-v-md-0 gutters-row-v-0 style-326 style-local-34-c19 position-relative\">\n                <!---->\n                <div class=\"h-row justify-content-lg-center justify-content-md-center justify-content-center align-items-lg-stretch align-items-md-stretch align-items-stretch gutters-col-lg-0 gutters-col-md-0 gutters-col-0 gutters-col-v-lg-0 gutters-col-v-md-0 gutters-col-v-0\">\n                  <!---->\n                  <div class=\"h-column h-column-container d-flex h-col-lg-auto h-col-md-auto h-col-auto style-327-outer style-local-34-c20-outer\">\n                    <div data-colibri-id=\"34-c20\" class=\"d-flex h-flex-basis h-column__inner h-px-lg-0 h-px-md-0 h-px-0 v-inner-lg-0 v-inner-md-0 v-inner-0 style-327 style-local-34-c20 position-relative\">\n                      <!---->\n                      <!---->\n                      <div class=\"w-100 h-y-container h-column__content h-column__v-align flex-basis-100 align-self-lg-center align-self-md-center align-self-center\">\n                        <!---->\n                        <div data-colibri-id=\"34-c21\" class=\"h-global-transition-all h-heading style-328 style-local-34-c21 position-relative h-element\">\n                          <!---->\n                          <div class=\"h-heading__outer style-328 style-local-34-c21\">\n                            <!---->\n                            <!---->\n                            <h4 class=\"\">UL. S\u0141OWACKA 25,\n                              <br>71-771 SZCZECIN\n                              <br>TEL. (+48) 914269067<\/h4>\n                          <\/div>\n                        <\/div>\n                        <div data-colibri-id=\"34-c22\" class=\"h-icon style-329 style-local-34-c22 position-relative h-element\">\n                          <!----><span class=\"h-svg-icon h-icon__icon style-329-icon style-local-34-c22-icon\"><!--Icon by Font Awesome (https:\/\/fontawesome.com)--><svg version=\"1.1\" xmlns=\"http:\/\/www.w3.org\/2000\/svg\" xmlns:xlink=\"http:\/\/www.w3.org\/1999\/xlink\" id=\"envelope\" viewBox=\"0 0 1792 1896.0833\"><path d=\"M1792 710v794q0 66-47 113t-113 47H160q-66 0-113-47T0 1504V710q44 49 101 87 362 246 497 345 57 42 92.5 65.5t94.5 48 110 24.5h2q51 0 110-24.5t94.5-48 92.5-65.5q170-123 498-345 57-39 100-87zm0-294q0 79-49 151t-122 123q-376 261-468 325-10 7-42.5 30.5t-54 38-52 32.5-57.5 27-50 9h-2q-23 0-50-9t-57.5-27-52-32.5-54-38T639 1015q-91-64-262-182.5T172 690q-62-42-117-115.5T0 438q0-78 41.5-130T160 256h1472q65 0 112.5 47t47.5 113z\"><\/path><\/svg><\/span><\/div>\n                        <div\n                          data-colibri-id=\"34-c23\" class=\"h-global-transition-all h-heading style-330 style-local-34-c23 position-relative h-element\">\n                          <!---->\n                          <div class=\"h-heading__outer style-330 style-local-34-c23\">\n                            <!---->\n                            <!---->\n                            <h5 class=\"\">Napisz do nas tutaj lub na social media<\/h5>\n                          <\/div>\n                      <\/div>\n                      <div data-colibri-id=\"34-c24\" class=\"style-331 style-local-34-c24 position-relative h-element\">\n                        <!---->\n                        <div class=\"d-flex flex-wrap h-social-icons justify-content-lg-center justify-content-md-center justify-content-center\">\n                          <div class=\"social-icon-container d-inline-flex\">\n                            <div class=\"icon-container h-social-icon h-global-transition\">\n                              <div class=\"h-icon-svg\" style=\"width: 100%; height: 100%;\">\n                                <!--Icon by Socicon (http:\/\/www.socicon.com)-->\n                                <svg version=\"1.1\" xmlns=\"http:\/\/www.w3.org\/2000\/svg\" viewBox=\"0 0 1500 1500\">\n\n                                  <path d=\"M867.188 1500v-685.547h228.516l35.156-266.602h-263.672v-169.922c0-76.172 20.508-128.906 131.836-128.906h140.625v-237.305c-23.438-5.859-108.398-11.719-205.078-11.719-205.078 0-342.773 123.047-342.773 351.563v196.289h-231.445v266.602h231.445v685.547z\"><\/path>\n                                <\/svg>\n                              <\/div>\n                            <\/div>\n                          <\/div>\n                          <div class=\"social-icon-container d-inline-flex\">\n                            <div class=\"icon-container h-social-icon h-global-transition\">\n                              <div class=\"h-icon-svg\" style=\"width: 100%; height: 100%;\">\n                                <!--Icon by Socicon (http:\/\/www.socicon.com)-->\n                                <svg version=\"1.1\" xmlns=\"http:\/\/www.w3.org\/2000\/svg\" viewBox=\"0 0 1500 1500\">\n\n                                  <path d=\"M1347.656 445.313c0 11.719 0 26.367 0 38.086 0 407.227-310.547 875.977-875.977 875.977-172.852 0-336.914-49.805-471.68-137.695 23.438 2.93 49.805 2.93 73.242 2.93 143.555 0 278.32-46.875 383.789-131.836-134.766 0-249.023-90.82-290.039-213.867 20.508 5.859 38.086 5.859 58.594 5.859 29.297 0 55.664-2.93 82.031-8.789-140.625-29.297-246.094-155.273-246.094-301.758 0-2.93 0-2.93 0-5.859 41.016 23.438 87.891 38.086 137.695 38.086-82.031-52.734-137.695-149.414-137.695-254.883 0-55.664 17.578-108.398 43.945-155.273 149.414 187.5 377.93 310.547 632.813 322.266-5.859-23.438-8.789-46.875-8.789-70.313 0-169.922 137.695-307.617 307.617-307.617 90.82 0 169.922 38.086 225.586 96.68 70.313-14.648 137.695-38.086 196.289-73.242-23.438 70.313-73.242 131.836-134.766 169.922 61.523-8.789 120.117-23.438 175.781-49.805-41.016 61.523-93.75 117.188-152.344 161.133z\"><\/path>\n                                <\/svg>\n                              <\/div>\n                            <\/div>\n                          <\/div>\n                          <div class=\"social-icon-container d-inline-flex\">\n                            <div class=\"icon-container h-social-icon h-global-transition\">\n                              <div class=\"h-icon-svg\" style=\"width: 100%; height: 100%;\">\n                                <!--Icon by Socicon (http:\/\/www.socicon.com)-->\n                                <svg version=\"1.1\" xmlns=\"http:\/\/www.w3.org\/2000\/svg\" viewBox=\"0 0 1500 1500\">\n\n                                  <path d=\"M1485.352 451.172c0 0-14.648-105.469-58.594-149.414-58.594-61.523-123.047-61.523-152.344-64.453-208.008-14.648-524.414-14.648-524.414-14.648v0c0 0-316.406 0-524.414 14.648-29.297 2.93-93.75 2.93-152.344 64.453-43.945 43.945-58.594 149.414-58.594 149.414s-14.648 120.117-14.648 240.234v114.258c0 123.047 14.648 243.164 14.648 243.164s14.648 102.539 58.594 149.414c58.594 58.594 134.766 58.594 166.992 64.453 120.117 11.719 509.766 14.648 509.766 14.648s316.406 0 524.414-14.648c29.297-2.93 93.75-5.859 152.344-64.453 43.945-46.875 58.594-149.414 58.594-149.414s14.648-120.117 14.648-243.164v-114.258c0-120.117-14.648-240.234-14.648-240.234zM952.148 761.719v0l-354.492 184.57v-421.875l404.297 210.938z\"><\/path>\n                                <\/svg>\n                              <\/div>\n                            <\/div>\n                          <\/div>\n                        <\/div>\n                      <\/div>\n                    <\/div>\n                  <\/div>\n                <\/div>\n              <\/div>\n            <\/div>\n          <\/div>\n        <\/div>\n      <\/div>\n    <\/div>\n  <\/div>\n<\/div>\n<\/div>\n<\/div>","protected":false},"excerpt":{"rendered":"<p>Profesjonalizm Projektujemy z powodzeniem od 1993 r. Firma PROEL, opracowuje projekty wszelkich inwestycji wielobran\u017cowych w przemy\u015ble,us\u0142ugach, budownictwie mieszkaniowym wielorodzinnym i jednorodzinnym, oferuj\u0105c wykonanie projekt\u00f3w od architektury poprzez wszelkie wymagane opracowania bran\u017cowe do projekt\u00f3w ma\u0142ej architektury i zieleni otaczaj\u0105cej przysz\u0142y obiekt Kompleksowa us\u0142uga Zajmujemy si\u0119 wszystkimi etapami projektowania &#8211; pocz\u0105wszy od ubrania pomys\u0142u inwestora w koncepcje [&hellip;]<\/p>\n","protected":false},"author":1,"featured_media":0,"parent":0,"menu_order":0,"comment_status":"closed","ping_status":"closed","template":"page-templates\/homepage.php","meta":[],"yoast_head":"<!-- This site is optimized with the Yoast SEO plugin v17.7.1 - https:\/\/yoast.com\/wordpress\/plugins\/seo\/ -->\n<title>Strona G\u0142\u00f3wna - \u2b24PROEL Biuro Us\u0142ug Projektowych El\u017cbieta Nowak-Krzywa\u0144ska<\/title>\n<meta name=\"robots\" content=\"index, follow, max-snippet:-1, max-image-preview:large, max-video-preview:-1\" \/>\n<link rel=\"canonical\" href=\"https:\/\/proelbup.pl\/\" \/>\n<meta property=\"og:locale\" content=\"pl_PL\" \/>\n<meta property=\"og:type\" content=\"article\" \/>\n<meta property=\"og:title\" content=\"Strona G\u0142\u00f3wna - \u2b24PROEL Biuro Us\u0142ug Projektowych El\u017cbieta Nowak-Krzywa\u0144ska\" \/>\n<meta property=\"og:description\" content=\"Profesjonalizm Projektujemy z powodzeniem od 1993 r. Firma PROEL, opracowuje projekty wszelkich inwestycji wielobran\u017cowych w przemy\u015ble,us\u0142ugach, budownictwie mieszkaniowym wielorodzinnym i jednorodzinnym, oferuj\u0105c wykonanie projekt\u00f3w od architektury poprzez wszelkie wymagane opracowania bran\u017cowe do projekt\u00f3w ma\u0142ej architektury i zieleni otaczaj\u0105cej przysz\u0142y obiekt Kompleksowa us\u0142uga Zajmujemy si\u0119 wszystkimi etapami projektowania &#8211; pocz\u0105wszy od ubrania pomys\u0142u inwestora w koncepcje [&hellip;]\" \/>\n<meta property=\"og:url\" content=\"https:\/\/proelbup.pl\/\" \/>\n<meta property=\"og:site_name\" content=\"\u2b24PROEL Biuro Us\u0142ug Projektowych El\u017cbieta Nowak-Krzywa\u0144ska\" \/>\n<meta property=\"article:modified_time\" content=\"2024-10-19T12:03:38+00:00\" \/>\n<meta name=\"twitter:card\" content=\"summary_large_image\" \/>\n<meta name=\"twitter:label1\" content=\"Szacowany czas czytania\" \/>\n\t<meta name=\"twitter:data1\" content=\"1 minuta\" \/>\n<script type=\"application\/ld+json\" class=\"yoast-schema-graph\">{\"@context\":\"https:\/\/schema.org\",\"@graph\":[{\"@type\":\"WebSite\",\"@id\":\"https:\/\/proelbup.pl\/#website\",\"url\":\"https:\/\/proelbup.pl\/\",\"name\":\"\\u2b24PROEL Biuro Us\\u0142ug Projektowych El\\u017cbieta Nowak-Krzywa\\u0144ska\",\"description\":\"Biuro Us\\u0142ug Projektowych\",\"potentialAction\":[{\"@type\":\"SearchAction\",\"target\":{\"@type\":\"EntryPoint\",\"urlTemplate\":\"https:\/\/proelbup.pl\/?s={search_term_string}\"},\"query-input\":\"required name=search_term_string\"}],\"inLanguage\":\"pl-PL\"},{\"@type\":\"WebPage\",\"@id\":\"https:\/\/proelbup.pl\/#webpage\",\"url\":\"https:\/\/proelbup.pl\/\",\"name\":\"Strona G\\u0142\\u00f3wna - \\u2b24PROEL Biuro Us\\u0142ug Projektowych El\\u017cbieta Nowak-Krzywa\\u0144ska\",\"isPartOf\":{\"@id\":\"https:\/\/proelbup.pl\/#website\"},\"datePublished\":\"2021-12-05T22:19:07+00:00\",\"dateModified\":\"2024-10-19T12:03:38+00:00\",\"breadcrumb\":{\"@id\":\"https:\/\/proelbup.pl\/#breadcrumb\"},\"inLanguage\":\"pl-PL\",\"potentialAction\":[{\"@type\":\"ReadAction\",\"target\":[\"https:\/\/proelbup.pl\/\"]}]},{\"@type\":\"BreadcrumbList\",\"@id\":\"https:\/\/proelbup.pl\/#breadcrumb\",\"itemListElement\":[{\"@type\":\"ListItem\",\"position\":1,\"name\":\"Home\",\"item\":\"https:\/\/proelbup.pl\/\"},{\"@type\":\"ListItem\",\"position\":2,\"name\":\"Strona G\\u0142\\u00f3wna\"}]}]}<\/script>\n<!-- \/ Yoast SEO plugin. -->","yoast_head_json":{"title":"Strona G\u0142\u00f3wna - \u2b24PROEL Biuro Us\u0142ug Projektowych El\u017cbieta Nowak-Krzywa\u0144ska","robots":{"index":"index","follow":"follow","max-snippet":"max-snippet:-1","max-image-preview":"max-image-preview:large","max-video-preview":"max-video-preview:-1"},"canonical":"https:\/\/proelbup.pl\/","og_locale":"pl_PL","og_type":"article","og_title":"Strona G\u0142\u00f3wna - \u2b24PROEL Biuro Us\u0142ug Projektowych El\u017cbieta Nowak-Krzywa\u0144ska","og_description":"Profesjonalizm Projektujemy z powodzeniem od 1993 r. Firma PROEL, opracowuje projekty wszelkich inwestycji wielobran\u017cowych w przemy\u015ble,us\u0142ugach, budownictwie mieszkaniowym wielorodzinnym i jednorodzinnym, oferuj\u0105c wykonanie projekt\u00f3w od architektury poprzez wszelkie wymagane opracowania bran\u017cowe do projekt\u00f3w ma\u0142ej architektury i zieleni otaczaj\u0105cej przysz\u0142y obiekt Kompleksowa us\u0142uga Zajmujemy si\u0119 wszystkimi etapami projektowania &#8211; pocz\u0105wszy od ubrania pomys\u0142u inwestora w koncepcje [&hellip;]","og_url":"https:\/\/proelbup.pl\/","og_site_name":"\u2b24PROEL Biuro Us\u0142ug Projektowych El\u017cbieta Nowak-Krzywa\u0144ska","article_modified_time":"2024-10-19T12:03:38+00:00","twitter_card":"summary_large_image","twitter_misc":{"Szacowany czas czytania":"1 minuta"},"schema":{"@context":"https:\/\/schema.org","@graph":[{"@type":"WebSite","@id":"https:\/\/proelbup.pl\/#website","url":"https:\/\/proelbup.pl\/","name":"\u2b24PROEL Biuro Us\u0142ug Projektowych El\u017cbieta Nowak-Krzywa\u0144ska","description":"Biuro Us\u0142ug Projektowych","potentialAction":[{"@type":"SearchAction","target":{"@type":"EntryPoint","urlTemplate":"https:\/\/proelbup.pl\/?s={search_term_string}"},"query-input":"required name=search_term_string"}],"inLanguage":"pl-PL"},{"@type":"WebPage","@id":"https:\/\/proelbup.pl\/#webpage","url":"https:\/\/proelbup.pl\/","name":"Strona G\u0142\u00f3wna - \u2b24PROEL Biuro Us\u0142ug Projektowych El\u017cbieta Nowak-Krzywa\u0144ska","isPartOf":{"@id":"https:\/\/proelbup.pl\/#website"},"datePublished":"2021-12-05T22:19:07+00:00","dateModified":"2024-10-19T12:03:38+00:00","breadcrumb":{"@id":"https:\/\/proelbup.pl\/#breadcrumb"},"inLanguage":"pl-PL","potentialAction":[{"@type":"ReadAction","target":["https:\/\/proelbup.pl\/"]}]},{"@type":"BreadcrumbList","@id":"https:\/\/proelbup.pl\/#breadcrumb","itemListElement":[{"@type":"ListItem","position":1,"name":"Home","item":"https:\/\/proelbup.pl\/"},{"@type":"ListItem","position":2,"name":"Strona G\u0142\u00f3wna"}]}]}},"_links":{"self":[{"href":"https:\/\/proelbup.pl\/index.php?rest_route=\/wp\/v2\/pages\/34"}],"collection":[{"href":"https:\/\/proelbup.pl\/index.php?rest_route=\/wp\/v2\/pages"}],"about":[{"href":"https:\/\/proelbup.pl\/index.php?rest_route=\/wp\/v2\/types\/page"}],"author":[{"embeddable":true,"href":"https:\/\/proelbup.pl\/index.php?rest_route=\/wp\/v2\/users\/1"}],"replies":[{"embeddable":true,"href":"https:\/\/proelbup.pl\/index.php?rest_route=%2Fwp%2Fv2%2Fcomments&post=34"}],"version-history":[{"count":10,"href":"https:\/\/proelbup.pl\/index.php?rest_route=\/wp\/v2\/pages\/34\/revisions"}],"predecessor-version":[{"id":287,"href":"https:\/\/proelbup.pl\/index.php?rest_route=\/wp\/v2\/pages\/34\/revisions\/287"}],"wp:attachment":[{"href":"https:\/\/proelbup.pl\/index.php?rest_route=%2Fwp%2Fv2%2Fmedia&parent=34"}],"curies":[{"name":"wp","href":"https:\/\/api.w.org\/{rel}","templated":true}]}}